{"id":3666,"date":"2016-08-02T14:57:03","date_gmt":"2016-08-02T12:57:03","guid":{"rendered":"http:\/\/www.opajaap.nl\/wordpress\/?page_id=3666"},"modified":"2016-08-02T14:59:05","modified_gmt":"2016-08-02T12:59:05","slug":"non-gezegden","status":"publish","type":"page","link":"https:\/\/www.opajaap.nl\/wordpress\/non-gezegden\/","title":{"rendered":"Non-gezegden"},"content":{"rendered":"<h3>Non-spreekwoorden, non-gezegden an andere non-sens.<\/h3>\n<p>Hieronder een overzicht van beredeneerde onzin uitdrukkingen, ofwel bruikbare alternatieven voor onbruikbare doch gangbare uitspraken.<\/p>\n<p>Komtie:<\/p>\n<p><strong>Oude man mag ik u bidden&#8230;<br \/>\nOp de r\u00e1nd, niet in het midden.<\/strong><\/p>\n<p>Omdat het v\u00e9\u00e9l beter bekt dan het origineel dat \u00f3\u00f3k nergens op slaat:<br \/>\n<em>Kleine man mag ik u bidden, niet op de rand maar in het midden<\/em><\/p>\n<p>Immers heeft &#8216;kleine man&#8217; geen oortjes en geen oogjes en wordt hij bestuurd door &#8216;grote man&#8217;, die w\u00e8l oortjes en oogjes heeft. &#8216;Kleine man&#8217; kan derhalve niet adequaat op deze noodkreet reageren; de oproep dient gericht te worden aan &#8216;grote man&#8217;, die naar mijn mening intelligent genoeg is om het v\u00e9rplassen elders te oefenen.<\/p>\n<p><strong>Oost thuis, Best west.<\/strong><br \/>\n<a href=\"http:\/\/www.opajaap.nl\/wordpress\/oost-thuis-best-west\/\" target=\"_blank\">Daar hebben we beelden van.<\/a><\/p>\n<p><strong>Voorzichtigheid is de olifant door de porceleinkast.<\/strong><br \/>\nZie je het al voor je?<\/p>\n<p><strong>&#8216;s-Avonds een vent, &#8216;s-morgens lekker uitslapen.<\/strong><br \/>\nBehoeft geen enkel betoog, is duidelijk en ook zo de bedoeling. Dames, kop houden!<\/p>\n<p><strong>Het is &#8216;s-winters kouder dan buiten.<\/strong><br \/>\nKijk maar naar buiten!<\/p>\n","protected":false},"excerpt":{"rendered":"<p>Non-spreekwoorden, non-gezegden an andere non-sens. Hieronder een overzicht van beredeneerde onzin uitdrukkingen, ofwel bruikbare alternatieven voor onbruikbare doch gangbare uitspraken. Komtie: Oude man mag ik u bidden&#8230; Op de r\u00e1nd, niet in het midden. Omdat het v\u00e9\u00e9l beter bekt dan het origineel dat \u00f3\u00f3k nergens op slaat: Kleine man mag ik u bidden, niet op &hellip; <a href=\"https:\/\/www.opajaap.nl\/wordpress\/non-gezegden\/\" class=\"more-link\">Lees verder <span class=\"screen-reader-text\">&#8220;Non-gezegden&#8221;<\/span><\/a><\/p>\n","protected":false},"author":2,"featured_media":0,"parent":0,"menu_order":0,"comment_status":"open","ping_status":"open","template":"","meta":{"footnotes":""},"class_list":["post-3666","page","type-page","status-publish","hentry"],"_links":{"self":[{"href":"https:\/\/www.opajaap.nl\/wordpress\/wp-json\/wp\/v2\/pages\/3666","targetHints":{"allow":["GET"]}}],"collection":[{"href":"https:\/\/www.opajaap.nl\/wordpress\/wp-json\/wp\/v2\/pages"}],"about":[{"href":"https:\/\/www.opajaap.nl\/wordpress\/wp-json\/wp\/v2\/types\/page"}],"author":[{"embeddable":true,"href":"https:\/\/www.opajaap.nl\/wordpress\/wp-json\/wp\/v2\/users\/2"}],"replies":[{"embeddable":true,"href":"https:\/\/www.opajaap.nl\/wordpress\/wp-json\/wp\/v2\/comments?post=3666"}],"version-history":[{"count":3,"href":"https:\/\/www.opajaap.nl\/wordpress\/wp-json\/wp\/v2\/pages\/3666\/revisions"}],"predecessor-version":[{"id":3991,"href":"https:\/\/www.opajaap.nl\/wordpress\/wp-json\/wp\/v2\/pages\/3666\/revisions\/3991"}],"wp:attachment":[{"href":"https:\/\/www.opajaap.nl\/wordpress\/wp-json\/wp\/v2\/media?parent=3666"}],"curies":[{"name":"wp","href":"https:\/\/api.w.org\/{rel}","templated":true}]}}